{"id":3092,"date":"2022-11-06T17:39:22","date_gmt":"2022-11-06T16:39:22","guid":{"rendered":"https:\/\/svetapetka.local\/?page_id=3092"},"modified":"2023-04-12T21:46:53","modified_gmt":"2023-04-12T19:46:53","slug":"%d0%b0%d0%ba%d1%82%d0%b8%d0%b2%d0%bd%d0%be%d1%81%d1%82%d0%b8de","status":"publish","type":"page","link":"https:\/\/svpetka.de\/de\/%d0%b8%d0%bd%d1%84%d0%bede\/%d0%b0%d0%ba%d1%82%d0%b8%d0%b2%d0%bd%d0%be%d1%81%d1%82%d0%b8de\/","title":{"rendered":"\u0410\u041a\u0422\u0418\u0412\u041d\u041e\u0421\u0422\u0418[DE]"},"content":{"rendered":"\t\t<div data-elementor-type=\"wp-page\" data-elementor-id=\"3092\" class=\"elementor elementor-3092\">\n\t\t\t\t\t\t\t<div class=\"elementor-element elementor-element-3462a8e e-con-boxed elementor-invisible e-con\" data-id=\"3462a8e\" data-element_type=\"container\" data-settings=\"{&quot;background_background&quot;:&quot;classic&quot;,&quot;animation&quot;:&quot;fadeIn&quot;,&quot;content_width&quot;:&quot;boxed&quot;}\">\n\t\t\t\t\t<div class=\"e-con-inner\">\n\t\t<div class=\"elementor-element elementor-element-dec4807 e-con-full e-con\" data-id=\"dec4807\" data-element_type=\"container\" data-settings=\"{&quot;content_width&quot;:&quot;full&quot;,&quot;background_background&quot;:&quot;classic&quot;}\">\n\t\t\t\t<div class=\"elementor-element elementor-element-3d4d17a elementor-invisible elementor-widget elementor-widget-heading\" data-id=\"3d4d17a\" data-element_type=\"widget\" data-settings=\"{&quot;_animation&quot;:&quot;fadeInDown&quot;,&quot;_animation_delay&quot;:500}\" data-widget_type=\"heading.default\">\n\t\t\t\t<div class=\"elementor-widget-container\">\n\t\t\t<style>\/*! elementor - v3.12.2 - 23-04-2023 *\/\n.elementor-heading-title{padding:0;margin:0;line-height:1}.elementor-widget-heading .elementor-heading-title[class*=elementor-size-]>a{color:inherit;font-size:inherit;line-height:inherit}.elementor-widget-heading .elementor-heading-title.elementor-size-small{font-size:15px}.elementor-widget-heading .elementor-heading-title.elementor-size-medium{font-size:19px}.elementor-widget-heading .elementor-heading-title.elementor-size-large{font-size:29px}.elementor-widget-heading .elementor-heading-title.elementor-size-xl{font-size:39px}.elementor-widget-heading .elementor-heading-title.elementor-size-xxl{font-size:59px}<\/style><h2 class=\"elementor-heading-title elementor-size-default\">\u0410\u041a\u0422\u0418\u0412\u041d\u041e\u0421\u0422\u0418<\/h2>\t\t<\/div>\n\t\t\t\t<\/div>\n\t\t\t\t<\/div>\n\t\t<div class=\"elementor-element elementor-element-13bc4de e-con-full e-con\" data-id=\"13bc4de\" data-element_type=\"container\" data-settings=\"{&quot;content_width&quot;:&quot;full&quot;}\">\n\t\t<div class=\"elementor-element elementor-element-c25769d e-con-boxed elementor-invisible e-con\" data-id=\"c25769d\" data-element_type=\"container\" data-settings=\"{&quot;background_background&quot;:&quot;classic&quot;,&quot;animation&quot;:&quot;fadeInUp&quot;,&quot;animation_delay&quot;:750,&quot;content_width&quot;:&quot;boxed&quot;}\">\n\t\t\t\t\t<div class=\"e-con-inner\">\n\t\t\t\t<div class=\"elementor-element elementor-element-390751d elementor-widget elementor-widget-heading\" data-id=\"390751d\" data-element_type=\"widget\" data-widget_type=\"heading.default\">\n\t\t\t\t<div class=\"elementor-widget-container\">\n\t\t\t<h2 class=\"elementor-heading-title elementor-size-default\">\u0417\u0430\u0435\u0434\u043d\u043e<\/h2>\t\t<\/div>\n\t\t\t\t<\/div>\n\t\t\t\t<div class=\"elementor-element elementor-element-0c623de elementor-widget elementor-widget-text-editor\" data-id=\"0c623de\" data-element_type=\"widget\" data-widget_type=\"text-editor.default\">\n\t\t\t\t<div class=\"elementor-widget-container\">\n\t\t\t<style>\/*! elementor - v3.12.2 - 23-04-2023 *\/\n.elementor-widget-text-editor.elementor-drop-cap-view-stacked .elementor-drop-cap{background-color:#69727d;color:#fff}.elementor-widget-text-editor.elementor-drop-cap-view-framed .elementor-drop-cap{color:#69727d;border:3px solid;background-color:transparent}.elementor-widget-text-editor:not(.elementor-drop-cap-view-default) .elementor-drop-cap{margin-top:8px}.elementor-widget-text-editor:not(.elementor-drop-cap-view-default) .elementor-drop-cap-letter{width:1em;height:1em}.elementor-widget-text-editor .elementor-drop-cap{float:left;text-align:center;line-height:1;font-size:50px}.elementor-widget-text-editor .elementor-drop-cap-letter{display:inline-block}<\/style>\t\t\t\t<p>\u0421\u0435 \u0430\u0444\u0438\u0440\u043c\u0438\u0440\u0430\u043c\u0435 \u0441\u0435\u0431\u0435\u0441\u0438\u00a0 \u0438 \u043d\u0430\u0448\u0430\u0442\u0430 \u0437\u0430\u0435\u0434\u043d\u0438\u0446\u0430 \u043d\u0438\u0437 \u0441\u043f\u043e\u0440\u0442\u043e\u0442 \u0438 \u0444\u043e\u043b\u043a\u0440\u043e\u0442.<\/p>\t\t\t\t\t\t<\/div>\n\t\t\t\t<\/div>\n\t\t\t\t<div class=\"elementor-element elementor-element-d9c377d elementor-align-center elementor-widget elementor-widget-button\" data-id=\"d9c377d\" data-element_type=\"widget\" data-widget_type=\"button.default\">\n\t\t\t\t<div class=\"elementor-widget-container\">\n\t\t\t\t\t<div class=\"elementor-button-wrapper\">\n\t\t\t<a href=\"#aktivnosti\" class=\"elementor-button-link elementor-button elementor-size-xl elementor-animation-pulse\" role=\"button\">\n\t\t\t\t\t\t<span class=\"elementor-button-content-wrapper\">\n\t\t\t\t\t\t\t<span class=\"elementor-button-icon elementor-align-icon-left\">\n\t\t\t\t<i aria-hidden=\"true\" class=\"fas fa-angle-down\"><\/i>\t\t\t<\/span>\n\t\t\t\t\t\t<span class=\"elementor-button-text\"><\/span>\n\t\t<\/span>\n\t\t\t\t\t<\/a>\n\t\t<\/div>\n\t\t\t\t<\/div>\n\t\t\t\t<\/div>\n\t\t\t\t\t<\/div>\n\t\t\t\t<\/div>\n\t\t\t\t<\/div>\n\t\t\t\t\t<\/div>\n\t\t\t\t<\/div>\n\t\t<div class=\"elementor-element elementor-element-5a929b1 animated-slow e-con-boxed elementor-invisible e-con\" data-id=\"5a929b1\" data-element_type=\"container\" id=\"aktivnosti\" data-settings=\"{&quot;background_background&quot;:&quot;classic&quot;,&quot;animation&quot;:&quot;fadeIn&quot;,&quot;content_width&quot;:&quot;boxed&quot;}\">\n\t\t\t\t\t<div class=\"e-con-inner\">\n\t\t<div class=\"elementor-element elementor-element-907a6f0 e-con-full elementor-invisible e-con\" data-id=\"907a6f0\" data-element_type=\"container\" data-settings=\"{&quot;content_width&quot;:&quot;full&quot;,&quot;animation&quot;:&quot;fadeInLeft&quot;,&quot;animation_delay&quot;:500}\">\n\t\t\t\t<\/div>\n\t\t<div class=\"elementor-element elementor-element-976b470 e-con-full elementor-invisible e-con\" data-id=\"976b470\" data-element_type=\"container\" data-settings=\"{&quot;content_width&quot;:&quot;full&quot;,&quot;animation&quot;:&quot;fadeInRight&quot;,&quot;animation_delay&quot;:500}\">\n\t\t\t\t<\/div>\n\t\t\t\t\t<\/div>\n\t\t\t\t<\/div>\n\t\t<div class=\"elementor-element elementor-element-c6292a9 e-con-boxed e-con\" data-id=\"c6292a9\" data-element_type=\"container\" data-settings=\"{&quot;background_background&quot;:&quot;classic&quot;,&quot;content_width&quot;:&quot;boxed&quot;}\">\n\t\t\t\t\t<div class=\"e-con-inner\">\n\t\t<div class=\"elementor-element elementor-element-d37b3f9 e-con-full e-con\" data-id=\"d37b3f9\" data-element_type=\"container\" data-settings=\"{&quot;content_width&quot;:&quot;full&quot;}\">\n\t\t\t\t<\/div>\n\t\t<div class=\"elementor-element elementor-element-67e8ff4 e-con-full e-con\" data-id=\"67e8ff4\" data-element_type=\"container\" data-settings=\"{&quot;content_width&quot;:&quot;full&quot;}\">\n\t\t\t\t<\/div>\n\t\t\t\t\t<\/div>\n\t\t\t\t<\/div>\n\t\t\t\t\t\t\t<\/div>\n\t\t","protected":false},"excerpt":{"rendered":"<p>\u0410\u041a\u0422\u0418\u0412\u041d\u041e\u0421\u0422\u0418 \u0417\u0430\u0435\u0434\u043d\u043e \u0421\u0435 \u0430\u0444\u0438\u0440\u043c\u0438\u0440\u0430\u043c\u0435 \u0441\u0435\u0431\u0435\u0441\u0438\u00a0 \u0438 \u043d\u0430\u0448\u0430\u0442\u0430 \u0437\u0430\u0435\u0434\u043d\u0438\u0446\u0430 \u043d\u0438\u0437 \u0441\u043f\u043e\u0440\u0442\u043e\u0442 \u0438 \u0444\u043e\u043b\u043a\u0440\u043e\u0442. \u0421\u041f\u041e\u0420\u0422 \u0421\u0435\u043a\u043e\u0458\u0430 \u0441\u0440\u0435\u0434\u0430 \u043d\u0443\u0434\u0438\u043c\u0435 \u0444\u0443\u0434\u0431\u0430\u043b \u0437\u0430 \u0432\u043e\u0437\u0440\u0430\u0441\u043d\u0438. \u041d\u0438\u0435 \u0441\u0435\u043a\u043e\u0433\u0430\u0448 \u0438\u0433\u0440\u0430\u043c\u0435: \u0421\u0440\u0435\u0434\u0430 \u043e\u0434 20:00 \u0447\u0430\u0441\u043e\u0442 \u0434\u043e 22:00 \u0447\u0430\u0441\u043e\u0442. \u0410\u0434\u0440\u0435\u0441\u0430: Astrid Lindgren Schule Leuthenstra\u00dfe 50 40231 D\u00fcsseldorf \u043c\u0430\u043f\u0430 \u0424\u041e\u041b\u041a\u041b\u041e\u0420 \u0421\u0435\u043a\u043e\u0458 \u0432\u0442\u043e\u0440\u043d\u0438\u043a \u043d\u0443\u0434\u0438\u043c\u0435 \u0447\u0430\u0441\u043e\u0432\u0438 \u043f\u043e \u0444\u043e\u043b\u043a\u043b\u043e\u0440 \u0437\u0430 \u0441\u0438\u0442\u0435 \u0434\u0435\u0446\u0430. \u041b\u0435\u043a\u0446\u0438\u0438\u0442\u0435 \u0437\u0430 \u0444\u043e\u043b\u043a\u043b\u043e\u0440\u043e\u0442 \u0441\u0435 \u043e\u0434\u0440\u0436\u0443\u0432\u0430\u0430\u0442: \u0412\u0442\u043e\u0440\u043d\u0438\u043a \u043e\u0434 18:00 \u0447\u0430\u0441\u043e\u0442 \u0434\u043e 20:00 \u0447 \u0410\u0434\u0440\u0435\u0441\u0430: Luisen-Gymnasium D\u00fcsseldorf Bastionstra\u00dfe 24 40213 D\u00fcsseldorf statt \u043c\u0430\u043f\u0430<\/p>\n","protected":false},"author":1,"featured_media":0,"parent":3071,"menu_order":2,"comment_status":"closed","ping_status":"closed","template":"elementor_header_footer","meta":{"advgb_blocks_editor_width":"","advgb_blocks_columns_visual_guide":"","footnotes":""},"class_list":["post-3092","page","type-page","status-publish","hentry"],"blocksy_meta":{"styles_descriptor":{"styles":{"desktop":"","tablet":"","mobile":""},"google_fonts":[],"version":5}},"coauthors":[],"author_meta":{"author_link":"https:\/\/svpetka.de\/de\/author\/admin\/","display_name":"admin"},"relative_dates":{"created":"Posted 3 Jahren ago","modified":"Updated 3 Jahren ago"},"absolute_dates":{"created":"Posted on November 6, 2022","modified":"Updated on April 12, 2023"},"absolute_dates_time":{"created":"Posted on November 6, 2022 5:39 pm","modified":"Updated on April 12, 2023 9:46 pm"},"featured_img_caption":"","featured_img":false,"series_order":"","_links":{"self":[{"href":"https:\/\/svpetka.de\/de\/wp-json\/wp\/v2\/pages\/3092"}],"collection":[{"href":"https:\/\/svpetka.de\/de\/wp-json\/wp\/v2\/pages"}],"about":[{"href":"https:\/\/svpetka.de\/de\/wp-json\/wp\/v2\/types\/page"}],"author":[{"embeddable":true,"href":"https:\/\/svpetka.de\/de\/wp-json\/wp\/v2\/users\/1"}],"replies":[{"embeddable":true,"href":"https:\/\/svpetka.de\/de\/wp-json\/wp\/v2\/comments?post=3092"}],"version-history":[{"count":1,"href":"https:\/\/svpetka.de\/de\/wp-json\/wp\/v2\/pages\/3092\/revisions"}],"predecessor-version":[{"id":3096,"href":"https:\/\/svpetka.de\/de\/wp-json\/wp\/v2\/pages\/3092\/revisions\/3096"}],"up":[{"embeddable":true,"href":"https:\/\/svpetka.de\/de\/wp-json\/wp\/v2\/pages\/3071"}],"wp:attachment":[{"href":"https:\/\/svpetka.de\/de\/wp-json\/wp\/v2\/media?parent=3092"}],"curies":[{"name":"wp","href":"https:\/\/api.w.org\/{rel}","templated":true}]}}